{"id":4221,"date":"2025-03-26T18:58:29","date_gmt":"2025-03-26T17:58:29","guid":{"rendered":"https:\/\/bruchmann-gmbh.de\/?page_id=4221"},"modified":"2025-03-26T19:08:47","modified_gmt":"2025-03-26T18:08:47","slug":"sammelschienensystem","status":"publish","type":"page","link":"https:\/\/bruchmann-gmbh.de\/en\/sammelschienensystem\/","title":{"rendered":"Busbar system"},"content":{"rendered":"<div data-elementor-type=\"wp-page\" data-elementor-id=\"4221\" class=\"elementor elementor-4221\">\n\t\t\t\t\t\t\t\t\t<section class=\"elementor-section elementor-top-section elementor-element elementor-element-593a303 elementor-section-boxed elementor-section-height-default elementor-section-height-default wpr-particle-no wpr-jarallax-no wpr-parallax-no wpr-sticky-section-no\" data-id=\"593a303\" data-element_type=\"section\" data-settings=\"{&quot;jet_parallax_layout_list&quot;:[]}\">\n\t\t\t\t\t\t<div class=\"elementor-container elementor-column-gap-default\">\n\t\t\t\t\t<div class=\"elementor-column elementor-col-100 elementor-top-column elementor-element elementor-element-17ed321\" data-id=\"17ed321\" data-element_type=\"column\">\n\t\t\t<div class=\"elementor-widget-wrap elementor-element-populated\">\n\t\t\t\t\t\t\t\t<div class=\"elementor-element elementor-element-8ea46f3 elementor-widget elementor-widget-html\" data-id=\"8ea46f3\" data-element_type=\"widget\" data-widget_type=\"html.default\">\n\t\t\t\t<div class=\"elementor-widget-container\">\n\t\t\t<div class=\"produktseite\">\r\n    <h4 class=\"produktseite-zwischenheading\">Device Adapter<\/h4>\r\n    <ul class=\"produktseite-ul\">\r\n        <li>Mounting rail adjustable in millimeter increments<\/li>\r\n        <li>low-loss double contacting<\/li>\r\n        <li>Attachable extension<\/li>\r\n    <\/ul>\r\n    <!-- PDF: https:\/\/www.bruchmann-gmbh.de\/wp-content\/uploads\/2020\/11\/adapter_sammelschiene_geraete_datasheet_bm.pdf -->\r\n    <div style=\"text-align: center; margin-top: 10px;\">\r\n        <a class=\"green-button\" href=\"\/wp-content\/uploads\/2025\/03\/adapter_sammelschiene_geraete_datasheet_bm.pdf\">Datasheet<\/a>\r\n    <\/div>\r\n\r\n    <h4 class=\"produktseite-zwischenheading\">PANCERO Busbar protection profile<\/h4>\r\n    <ul class=\"produktseite-ul\">\r\n        <li>Snap-lock closure \u2013 can only be opened with a tool<\/li>\r\n        <li>High-temperature-resistant PA66 plastic<\/li>\r\n        <li>Length of 1000 mm<\/li>\r\n        <li>For busbars with widths of 12, 15, 20, 25, 30 mm<\/li>\r\n        <li>Individually cuttable<\/li>\r\n    <\/ul>\r\n    <!-- PDF: https:\/\/www.bruchmann-gmbh.de\/wp-content\/uploads\/2020\/11\/pancero_schutz_datasheet_katalog-update.pdf -->\r\n    <div style=\"text-align: center; margin-top: 10px;\">\r\n        <a class=\"green-button\" href=\"\/wp-content\/uploads\/2025\/03\/pancero_schutz_datasheet_katalog-update.pdf\">Datasheet<\/a>\r\n    <\/div>\r\n\r\n    <h4 class=\"produktseite-zwischenheading\">TYTAN\u00ae II Main protection on device adapters<\/h4>\r\n    <ul class=\"produktseite-ul\">\r\n        <li>2-pole width of 81 mm \/ 3-pole width of 108 mm<\/li>\r\n        <li>mounted on a device adapter for the 60 mm system<\/li>\r\n        <li>for copper 12\u201330 mm wide and 5 or 10 mm thick<\/li>\r\n        <li>low-loss double contacting<\/li>\r\n    <\/ul>\r\n    <!-- PDF: https:\/\/www.bruchmann-gmbh.de\/wp-content\/uploads\/2020\/11\/tytanII_geraeteadapter_hs_datasheet_katalog-update_2.pdf -->\r\n    <div style=\"text-align: center; margin-top: 10px;\">\r\n        <a class=\"green-button\" href=\"\/wp-content\/uploads\/2025\/03\/tytanII_geraeteadapter_hs_datasheet_katalog-update_2-1.pdf\">Datasheet<\/a>\r\n    <\/div>\r\n\r\n    <h4 class=\"produktseite-zwischenheading\">TYTAN\u00ae device adapter<\/h4>\r\n    <ul class=\"produktseite-ul\">\r\n        <li>With TYTAN\u00ae D0 \"load break switch\", ready for connection on a 60 mm \"busbar\" adapter, including feed-in with touch protection<\/li>\r\n    <\/ul>\r\n    <!-- PDF: https:\/\/www.bruchmann-gmbh.de\/wp-content\/uploads\/2020\/10\/tytan_geraeteadapter_datasheet_katalog.pdf -->\r\n    <div style=\"text-align: center; margin-top: 10px;\">\r\n        <a class=\"green-button\" href=\"\/wp-content\/uploads\/2025\/03\/tytan_geraeteadapter_datasheet_katalog.pdf\">Datasheet<\/a>\r\n    <\/div>\r\n\r\n    <h4 class=\"produktseite-zwischenheading\">TYTAN\u00ae RH1 Main protection<\/h4>\r\n    <ul class=\"produktseite-ul\">\r\n        <li>Fuse and Temperature Monitoring<\/li>\r\n        <li>Potential-Free Relay Contacts<\/li>\r\n    <\/ul>\r\n    <!-- PDF: https:\/\/www.bruchmann-gmbh.de\/wp-content\/uploads\/2020\/11\/rh1_datasheet_katalog-update.pdf -->\r\n    <div style=\"text-align: center; margin-top: 10px;\">\r\n        <a class=\"green-button\" href=\"\/wp-content\/uploads\/2025\/03\/rh1_datasheet_katalog-update-1.pdf\">Datasheet<\/a>\r\n    <\/div>\r\n\r\n    <h4 class=\"produktseite-zwischenheading\">TYTAN&reg; RHBus<\/h4>\r\n    <ul class=\"produktseite-ul\">\r\n        <li>Detailed fuse monitoring for up to 28 devices via Modbus RTU interface<\/li>\r\n        <li>Monitoring of individual temperatures and switching positions<\/li>\r\n    <\/ul>\r\n    <!-- PDF: https:\/\/www.bruchmann-gmbh.de\/wp-content\/uploads\/2020\/11\/rhbus_datasheet_katalog-update.pdf -->\r\n    <div style=\"text-align: center; margin-top: 10px;\">\r\n        <a class=\"green-button\" href=\"\/wp-content\/uploads\/2025\/03\/rhbus_datasheet_katalog-update-1.pdf\">Datasheet<\/a>\r\n    <\/div>\r\n\r\n    <h4 class=\"produktseite-zwischenheading\">TYTAN\u00ae RH4 Main protection<\/h4>\r\n    <ul class=\"produktseite-ul\">\r\n        <li>Flashing Indicator<\/li>\r\n        <li>self-powered<\/li>\r\n        <li>Fuse Plug<\/li>\r\n        <li>Width of 36mm \/ 2 HP<\/li>\r\n        <li>Lockable<\/li>\r\n    <\/ul>\r\n    <!-- PDF: https:\/\/www.bruchmann-gmbh.de\/wp-content\/uploads\/2020\/11\/rh4_datasheet_katalog-update.pdf -->\r\n    <div style=\"text-align: center; margin-top: 10px;\">\r\n        <a class=\"green-button\" href=\"\/wp-content\/uploads\/2025\/03\/rh4_datasheet_katalog-update-1.pdf\">Datasheet<\/a>\r\n    <\/div>\r\n\r\n    <h4 class=\"produktseite-zwischenheading\">TYTAN&reg; R<\/h4>\r\n    <ul class=\"produktseite-ul\">\r\n        <li>Flashing Indicator<\/li>\r\n        <li>allpolig schaltend<\/li>\r\n        <li>Fuse Plug<\/li>\r\n        <li>Width of 27mm<\/li>\r\n        <li>optional extension<\/li>\r\n        <li>Lockable<\/li>\r\n        <li>optional current measurement in the fuse plug<\/li>\r\n        <li>for 5\u201310 mm thick and 12\u201330 mm wide busbars<\/li>\r\n        <li>optional signaling circuit for switch position (retrofit possible with the 3-pole version)<\/li>\r\n    <\/ul>\r\n    <!-- PDF: https:\/\/www.bruchmann-gmbh.de\/wp-content\/uploads\/2020\/10\/tytan_r_datasheet_katalog.pdf -->\r\n    <div style=\"text-align: center; margin-top: 10px;\">\r\n        <a class=\"green-button\" href=\"\/wp-content\/uploads\/2025\/03\/tytan_r_datasheet_katalog.pdf\">Datasheet<\/a>\r\n    <\/div>\r\n\r\n    <h4 class=\"produktseite-zwischenheading\">CORON&reg; R<\/h4>\r\n    <ul class=\"produktseite-ul\">\r\n        <li>Flashing Indicator<\/li>\r\n        <li>Fuse Plug<\/li>\r\n        <li>Lockable<\/li>\r\n        <li>compact and low-profile design<\/li>\r\n        <li>optional extension<\/li>\r\n    <\/ul>\r\n    <!-- PDF: https:\/\/www.bruchmann-gmbh.de\/wp-content\/uploads\/2020\/10\/coron_r_datasheet_katalog.pdf -->\r\n    <div style=\"text-align: center; margin-top: 10px;\">\r\n        <a class=\"green-button\" href=\"\/wp-content\/uploads\/2025\/03\/coron_r_datasheet_katalog.pdf\">Datasheet<\/a>\r\n    <\/div>\r\n\r\n    <h4 class=\"produktseite-zwischenheading\">D0 clip fuse base<\/h4>\r\n    <ul class=\"produktseite-ul\">\r\n        <li>Distinctive labeling field located on the base<\/li>\r\n        <li>Low-loss stainless-steel clamp<\/li>\r\n        <li>Lateral finger protection<\/li>\r\n        <li>Plug-in rear contact guard<\/li>\r\n    <\/ul>\r\n    <!-- PDF: https:\/\/www.bruchmann-gmbh.de\/wp-content\/uploads\/2020\/10\/d0_sicherungssockele18_datasheet_katalog.pdf -->\r\n    <div style=\"text-align: center; margin-top: 10px;\">\r\n        <a class=\"green-button\" href=\"\/wp-content\/uploads\/2025\/03\/d0_sicherungssockele18_datasheet_katalog.pdf\">Datasheet<\/a>\r\n    <\/div>\r\n\r\n    <h4 class=\"produktseite-zwischenheading\">busbar support<\/h4>\r\n    <ul class=\"produktseite-ul\">\r\n        <li>Reversible base<\/li>\r\n        <li>For busbars 12\u201330 mm \/ 5 and 10 mm<\/li>\r\n        <li>also compatible with Striebel &amp; John distribution boards<\/li>\r\n        <li>Internal mounting<\/li>\r\n    <\/ul>\r\n    <!-- PDF: https:\/\/www.bruchmann-gmbh.de\/wp-content\/uploads\/2020\/11\/sammelschienentraeger_datasheet_katalog-update.pdf -->\r\n    <div style=\"text-align: center; margin-top: 10px;\">\r\n        <a class=\"green-button\" href=\"\/wp-content\/uploads\/2025\/03\/sammelschienentraeger_datasheet_katalog-update.pdf\">Datasheet<\/a>\r\n    <\/div>\r\n<\/div>\r\n\t\t<\/div>\n\t\t\t\t<\/div>\n\t\t\t\t\t<\/div>\n\t\t<\/div>\n\t\t\t\t\t\t\t<\/div>\n\t\t<\/section>\n\t\t\t\t\t\t\t<\/div>","protected":false},"excerpt":{"rendered":"<p>Ger\u00c3\u00a4te-Adapter Tragschiene im mm Ma\u00c3\u0178 verstellbar Verlustarme Doppelkontaktierung Ansteckbare Verbreiterung Datenblatt PANCERO Schienenschutz Klickverschluss \u00e2\u20ac\u201c nur mit Werkzeug zu \u00c3\u00b6ffnen Hochtemperaturfester Kunststoff PA66 L\u00c3\u00a4nge 1000mm f\u00c3\u00bcr Sammelschienen mit einer Breite von 12, 15, 20, 25, 30mm individuell abl\u00c3\u00a4ngbar Datenblatt TYTAN&reg; II Hauptschutz auf Ger\u00c3\u00a4te-Adapter 2-polig eine Baubreite von 81mm \/ 3-polig 108mm montiert auf Ger\u00c3\u00a4teadapter f\u00c3\u00bcr das 60mm System f\u00c3\u00bcr 12 \u00e2\u20ac\u201c 30mm breites und 5 oder 10mm dickes Kupfer verlustarme Doppelkontaktierung Datenblatt TYTAN&reg; Ger\u00c3\u00a4te-Adapter Mit TYTAN&reg; D0-Lasttrennschalter anschlussfertig auf 60mm Sammelschienen-Adapter inkl. Einspeisung mit Ber\u00c3\u00bchrungsschutz Datenblatt TYTAN&reg; RH1 Hauptschutz Sicherungs- und Temperatur\u00c3\u00bcberwachung Potentialfreie Relaiskontakte Datenblatt TYTAN&reg; RHBus detaillierte Sicherungs\u00c3\u00bcberwachung bei bis zu 28 Ger\u00c3\u00a4ten mittels Modbus-RTU-Schnittstelle Kontrolle der einzelnen Temperaturen und Schaltstellungen Datenblatt TYTAN&reg; RH4 Hauptschutz Blinkmelder eigenversorgt Sicherungsstecker Baubreite 36mm abschlie\u00c3\u0178bar Datenblatt TYTAN&reg; R Blinkmelder allpolig schaltend Sicherungsstecker Baubreite 27mm optionale Verbreiterung abschlie\u00c3\u0178bar optionale Strommessung im Sicherungsstecker f\u00c3\u00bcr 5 \u00e2\u20ac\u201c 10mm dicke und 12 \u00e2\u20ac\u201c 30mm breite Schienen optionale Meldeschaltung f\u00c3\u00bcr Schaltstellung (Nachr\u00c3\u00bcstung bei 3-poliger Ausf\u00c3\u00bchrung m\u00c3\u00b6glich) Datenblatt CORON&reg; R Blinkmelder Sicherungsstecker abschlie\u00c3\u0178bar kompakte und niedrige Bauform optionale Verbreiterung Datenblatt D0-Reiter-Sicherungssockel Bezeichnungsfeld unverwechselbar \u00e2\u20ac\u201c am Sockel verlustarme Edelstahlklemme seitlicher Fingerschutz steckbarer Hintergreifschutz Datenblatt Sammelschienentr\u00c3\u00a4ger wendbares Unterteil f\u00c3\u00bcr Sammelschienen 12 \u00e2\u20ac\u201c 30mm \/ 5 und 10mm passend auch f\u00c3\u00bcr Striebel &amp; John-Verteiler Befestigung innen Datenblatt<\/p>","protected":false},"author":1,"featured_media":0,"parent":0,"menu_order":0,"comment_status":"closed","ping_status":"closed","template":"","meta":{"footnotes":""},"class_list":["post-4221","page","type-page","status-publish","hentry","no-thumb"],"_links":{"self":[{"href":"https:\/\/bruchmann-gmbh.de\/en\/wp-json\/wp\/v2\/pages\/4221","targetHints":{"allow":["GET"]}}],"collection":[{"href":"https:\/\/bruchmann-gmbh.de\/en\/wp-json\/wp\/v2\/pages"}],"about":[{"href":"https:\/\/bruchmann-gmbh.de\/en\/wp-json\/wp\/v2\/types\/page"}],"author":[{"embeddable":true,"href":"https:\/\/bruchmann-gmbh.de\/en\/wp-json\/wp\/v2\/users\/1"}],"replies":[{"embeddable":true,"href":"https:\/\/bruchmann-gmbh.de\/en\/wp-json\/wp\/v2\/comments?post=4221"}],"version-history":[{"count":4,"href":"https:\/\/bruchmann-gmbh.de\/en\/wp-json\/wp\/v2\/pages\/4221\/revisions"}],"predecessor-version":[{"id":4238,"href":"https:\/\/bruchmann-gmbh.de\/en\/wp-json\/wp\/v2\/pages\/4221\/revisions\/4238"}],"wp:attachment":[{"href":"https:\/\/bruchmann-gmbh.de\/en\/wp-json\/wp\/v2\/media?parent=4221"}],"curies":[{"name":"wp","href":"https:\/\/api.w.org\/{rel}","templated":true}]}}