{"id":4166,"date":"2025-03-26T17:20:04","date_gmt":"2025-03-26T16:20:04","guid":{"rendered":"https:\/\/bruchmann-gmbh.de\/?page_id=4166"},"modified":"2025-03-26T18:50:32","modified_gmt":"2025-03-26T17:50:32","slug":"sicherungsschaltgeraete","status":"publish","type":"page","link":"https:\/\/bruchmann-gmbh.de\/en\/sicherungsschaltgeraete\/","title":{"rendered":"Fuse plug"},"content":{"rendered":"<div data-elementor-type=\"wp-page\" data-elementor-id=\"4166\" class=\"elementor elementor-4166\">\n\t\t\t\t\t\t\t\t\t<section class=\"elementor-section elementor-top-section elementor-element elementor-element-593a303 elementor-section-boxed elementor-section-height-default elementor-section-height-default wpr-particle-no wpr-jarallax-no wpr-parallax-no wpr-sticky-section-no\" data-id=\"593a303\" data-element_type=\"section\" data-settings=\"{&quot;jet_parallax_layout_list&quot;:[]}\">\n\t\t\t\t\t\t<div class=\"elementor-container elementor-column-gap-default\">\n\t\t\t\t\t<div class=\"elementor-column elementor-col-100 elementor-top-column elementor-element elementor-element-17ed321\" data-id=\"17ed321\" data-element_type=\"column\">\n\t\t\t<div class=\"elementor-widget-wrap elementor-element-populated\">\n\t\t\t\t\t\t\t\t<div class=\"elementor-element elementor-element-8ea46f3 elementor-widget elementor-widget-html\" data-id=\"8ea46f3\" data-element_type=\"widget\" data-widget_type=\"html.default\">\n\t\t\t\t<div class=\"elementor-widget-container\">\n\t\t\t<div class=\"produktseite\">\r\n    <h4 class=\"produktseite-zwischenheading\">TYTAN&reg; I<\/h4>\r\n\r\n    <ul class=\"produktseite-ul\">\r\n        <li>Flashing Indicator<\/li>\r\n        <li>Universal Fuse Plug<\/li>\r\n        <li>Compatible with Circuit Breakers<\/li>\r\n        <li>No Adapters Required<\/li>\r\n    <\/ul>\r\n    <!-- PDF: https:\/\/www.bruchmann-gmbh.de\/wp-content\/uploads\/2020\/10\/tytan_I_datasheet_katalog.pdf -->\r\n    <div style=\"text-align: center; margin-top: 10px;\">\r\n        <a class=\"green-button\" href='\/wp-content\/uploads\/2025\/03\/tytan_I_datasheet_katalog.pdf'>Datasheet<\/a>\r\n    <\/div>\r\n\r\n    <h4 class=\"produktseite-zwischenheading\">IN-ON<\/h4>\r\n    <ul class=\"produktseite-ul\">\r\n        <li>Flashing Indicator<\/li>\r\n        <li>Universal Fuse Plug<\/li>\r\n        <li>Seal- and Lockable<\/li>\r\n        <li>Trip Release via Push Button<\/li>\r\n    <\/ul>\r\n    <!-- PDF: https:\/\/www.bruchmann-gmbh.de\/wp-content\/uploads\/2020\/11\/in-on_datasheet_katalog-update.pdf -->\r\n    <div style=\"text-align: center; margin-top: 10px;\">\r\n        <a class=\"green-button\" href=\"\/wp-content\/uploads\/2025\/03\/in-on_datasheet_katalog-update.pdf\">Datasheet<\/a>\r\n    <\/div>\r\n\r\n    <h4 class=\"produktseite-zwischenheading\">CORON&reg; DUO<\/h4>\r\n    <ul class=\"produktseite-ul\">\r\n        <li>Width of 27 mm per pole<\/li>\r\n        <li>Flashing Indicator<\/li>\r\n        <li>Mechanical Contact Position Indicator<\/li>\r\n        <li>With Integrated Auxiliary Switch (optional)<\/li>\r\n        <li>Sealable<\/li>\r\n        <li>Easy Fuse Replacement via Finger-Safe Fuse Plug<\/li>\r\n        <li>Feed-In from Both Sides<\/li>\r\n        <li>Double Terminal<\/li>\r\n    <\/ul>\r\n    <!-- PDF: https:\/\/www.bruchmann-gmbh.de\/wp-content\/uploads\/2020\/11\/coron_duo_datasheet_katalog-neu.pdf -->\r\n    <div style=\"text-align: center; margin-top: 10px;\">\r\n        <a class=\"green-button\" href=\"\/wp-content\/uploads\/2025\/03\/coron_duo_datasheet_katalog-neu.pdf\">Datasheet<\/a>\r\n    <\/div>\r\n\r\n    <h4 class=\"produktseite-zwischenheading\">CORON&reg; 2<\/h4>\r\n    <ul class=\"produktseite-ul\">\r\n        <li>Flashing Indicator<\/li>\r\n        <li>Universal Fuse Plug<\/li>\r\n        <li>Sealable<\/li>\r\n        <li>lockable with a padlock<\/li>\r\n    <\/ul>\r\n    <!-- PDF: https:\/\/www.bruchmann-gmbh.de\/wp-content\/uploads\/2020\/10\/coron_2_datasheet_katalog.pdf -->\r\n    <div style=\"text-align: center; margin-top: 10px;\">\r\n        <a class=\"green-button\" href=\"\/wp-content\/uploads\/2025\/03\/coron_2_datasheet_katalog.pdf\">Datasheet<\/a>\r\n    <\/div>\r\n\r\n    <h4 class=\"produktseite-zwischenheading\">TYTAN&reg; THBus<\/h4>\r\n    <ul class=\"produktseite-ul\">\r\n        <li>Detailed fuse monitoring for up to 28 devices via Modbus RTU interface<\/li>\r\n        <li>Monitoring of individual temperatures and switching positions<\/li>\r\n    <\/ul>\r\n    <!-- PDF: https:\/\/www.bruchmann-gmbh.de\/wp-content\/uploads\/2020\/10\/thbus_datasheet_katalog.pdf -->\r\n    <div style=\"text-align: center; margin-top: 10px;\">\r\n        <a class=\"green-button\" href=\"\/wp-content\/uploads\/2025\/03\/thbus_datasheet_katalog.pdf\">Datasheet<\/a>\r\n    <\/div>\r\n\r\n    <h4 class=\"produktseite-zwischenheading\">TYTAN\u00ae TH1 Main protection<\/h4>\r\n    <ul class=\"produktseite-ul\">\r\n        <li>Fuse and Temperature Monitoring<\/li>\r\n        <li>Potential-Free Relay Contacts<\/li>\r\n    <\/ul>\r\n    <!-- PDF: https:\/\/www.bruchmann-gmbh.de\/wp-content\/uploads\/2020\/11\/th1_datasheet_katalog.pdf -->\r\n    <div style=\"text-align: center; margin-top: 10px;\">\r\n        <a class=\"green-button\" href=\"\/wp-content\/uploads\/2025\/03\/th1_datasheet_katalog.pdf\">Datasheet<\/a>\r\n    <\/div>\r\n\r\n    <h4 class=\"produktseite-zwischenheading\">TYTAN&reg; T4P<\/h4>\r\n    <ul class=\"produktseite-ul\">\r\n        <li>\"Load Break Switch \"for D0 and 10 \u00d7 38 mm Fuses<\/li>\r\n        <li>Three-Phase Indicator<\/li>\r\n        <li>Phase Sequence Display<\/li>\r\n        <li>Flashing Indicator<\/li>\r\n        <li>Thermal Monitoring<\/li>\r\n    <\/ul>\r\n    <!-- PDF: https:\/\/www.bruchmann-gmbh.de\/wp-content\/uploads\/2020\/10\/tytan_T4p_datasheet_katalog.pdf -->\r\n    <div style=\"text-align: center; margin-top: 10px;\">\r\n        <a class=\"green-button\" href=\"\/wp-content\/uploads\/2025\/03\/tytan_T4p_datasheet_katalog.pdf\">Datasheet<\/a>\r\n    <\/div>\r\n\r\n    <h4 class=\"produktseite-zwischenheading\">TYTAN\u00ae T4H | T4HP | T4HR Main protection<\/h4>\r\n    <ul class=\"produktseite-ul\">\r\n        <li>Only 4 HP wide<\/li>\r\n        <li>Potential-free changeover contact for fuse monitoring L1, L2, L3, phase monitoring L1, L2, L3, and temperature monitoring<\/li>\r\n        <li>Flashing Indicator<\/li>\r\n        <li>Universal Fuse Plug<\/li>\r\n    <\/ul>\r\n    <!-- PDF: https:\/\/www.bruchmann-gmbh.de\/wp-content\/uploads\/2020\/10\/t4h_p_r_datasheet_katalog.pdf -->\r\n    <div style=\"text-align: center; margin-top: 10px;\">\r\n        <a class=\"green-button\" href=\"\/wp-content\/uploads\/2025\/03\/t4h_p_r_datasheet_katalog.pdf\">Datasheet<\/a>\r\n    <\/div>\r\n\r\n    <h4 class=\"produktseite-zwischenheading\">TYTAN&reg; T<\/h4>\r\n    <ul class=\"produktseite-ul\">\r\n        <li>Only 4 HP wide<\/li>\r\n        <li>Flashing Indicator<\/li>\r\n        <li>Universal Fuse Plug<\/li>\r\n        <li>Fuse and Temperature Monitoring optional<\/li>\r\n    <\/ul>\r\n    <!-- PDF: https:\/\/www.bruchmann-gmbh.de\/wp-content\/uploads\/2020\/11\/tytan_T_datasheet_katalog-neu.pdf -->\r\n    <div style=\"text-align: center; margin-top: 10px;\">\r\n        <a class=\"green-button\" href=\"\/wp-content\/uploads\/2025\/03\/tytan_T_datasheet_katalog-neu.pdf\">Datasheet<\/a>\r\n    <\/div>\r\n\r\n    <h4 class=\"produktseite-zwischenheading\">TYTAN\u00ae II Main protection<\/h4>\r\n    <ul class=\"produktseite-ul\">\r\n        <li>Flashing Indicator (in the plug)<\/li>\r\n        <li>Fuse Plug<\/li>\r\n        <li>Full Coding for ALL Current Ratings<\/li>\r\n        <li>Sealable<\/li>\r\n        <li>Lockable<\/li>\r\n    <\/ul>\r\n    <!-- PDF: https:\/\/www.bruchmann-gmbh.de\/wp-content\/uploads\/2020\/11\/tytanII_hs_datasheet_katalog-neu.pdf -->\r\n    <div style=\"text-align: center; margin-top: 10px;\">\r\n        <a class=\"green-button\" href=\"\/wp-content\/uploads\/2025\/03\/tytanII_hs_datasheet_katalog-neu.pdf\">Datasheet<\/a>\r\n    <\/div>\r\n\r\n    <h4 class=\"produktseite-zwischenheading\">TYTAN&reg; II<\/h4>\r\n    Rated current unmistakability through full coding (1\u201363 A). The TYTAN\u00ae system provides continuous coding across all amperage levels, including the intermediate ratings of 13, 32, and 40 A.\r\n    <ul class=\"produktseite-ul\">\r\n        <li>Flashing Indicator (in the plug)<\/li>\r\n        <li>Fuse Plug<\/li>\r\n        <li>Full Coding for ALL Current Ratings<\/li>\r\n        <li>Sealable<\/li>\r\n        <li>Lockable<\/li>\r\n    <\/ul>\r\n    <!-- PDF: https:\/\/www.bruchmann-gmbh.de\/wp-content\/uploads\/2020\/11\/tytan_II_datasheet_katalog-neu2.pdf -->\r\n    <div style=\"text-align: center; margin-top: 10px;\">\r\n        <a class=\"green-button\" href=\"\/wp-content\/uploads\/2025\/03\/tytan_II_datasheet_katalog-neu2.pdf\">Datasheet<\/a>\r\n    <\/div>\r\n<\/div>\r\n\t\t<\/div>\n\t\t\t\t<\/div>\n\t\t\t\t\t<\/div>\n\t\t<\/div>\n\t\t\t\t\t\t\t<\/div>\n\t\t<\/section>\n\t\t\t\t\t\t\t<\/div>","protected":false},"excerpt":{"rendered":"<p>TYTAN&reg; I Blinkmelder Universal-Sicherungsstecker kompatibel zu LS-Schaltern keine Passh\u00c3\u00bclsen n\u00c3\u00b6tig Datenblatt IN-ON Blinkmelder Universal-Sicherungsstecker plombier- und verschlie\u00c3\u0178bar Ausl\u00c3\u00b6sung mittels Druckknopf Datenblatt CORON&reg; DUO Baubreite von 27mm pro Pol Blinkmelder mechanische Kontaktstellungsanzeige mit integriertem Hilfschalter (optional) plombierbar einfacher Sicherungswechsel durch Sicherungsstecker mit Fingerschutz Einspeisung beidseitig Doppelklemme Datenblatt CORON&reg; 2 Blinkmelder Universal-Sicherungsstecker plombierbar abschlie\u00c3\u0178bar mit Vorh\u00c3\u00a4ngeschloss Datenblatt TYTAN&reg; THBus detaillierte Sicherungs\u00c3\u00bcberwachung bei bis zu 28 Ger\u00c3\u00a4ten mittels Modbus-RTU-Schnittstelle Kontrolle der einzelnen Temperaturen und Schaltstellungen Datenblatt TYTAN&reg; TH1 Hauptschutz Sicherungs- und Temperatur\u00c3\u00bcberwachung Potentialfreie Relaiskontakte Datenblatt TYTAN&reg; T4P Lasttrennschalter f\u00c3\u00bcr D0 \u00e2\u20ac\u201c und 10 x 38 mm Sicherungen 3-fach Phasenanzeiger Drehfeldanzeige Blinkmelder Thermischer \u00c3\u0153berwachung Datenblatt TYTAN&reg; T4H | T4HP | T4HR Hauptschutz nur 4TE breit potenzialfreier Wechslerkontakt f\u00c3\u00bcr Sicherungs\u00c3\u00bcberwachung L1, L2, L3, Phasen\u00c3\u00bcberwachung L1, L2, L3 und Temperatur\u00c3\u00bcberwachung Blinkmelder Universal-Sicherungsstecker Datenblatt TYTAN&reg; T nur 4TE breit Blinkmelder Universal-Sicherungsstecker Sicherungs- und Temperatur\u00c3\u00bcberwachung optional Datenblatt TYTAN&reg; II Hauptschutz Blinkmelder (im Stecker) Sicherungsstecker Vollcodierung f\u00c3\u00bcr ALLE Stromst\u00c3\u00a4rken plombierbar abschlie\u00c3\u0178bar Datenblatt TYTAN&reg; II Nennstromunverwechselbarkeit durch Vollcodierung (1 \u00e2\u20ac\u201c 63A). Das System TYTAN\u00c2\u00ae codiert durchg\u00c3\u00a4ngig gegen\u00c3\u00bcber allen Amperestufen. Auch zwischen den Stufen 13, 32 und 40A. Blinkmelder (im Stecker) Sicherungsstecker Vollcodierung f\u00c3\u00bcr ALLE Stromst\u00c3\u00a4rken plombierbar abschlie\u00c3\u0178bar Datenblatt<\/p>","protected":false},"author":1,"featured_media":0,"parent":0,"menu_order":0,"comment_status":"closed","ping_status":"closed","template":"","meta":{"footnotes":""},"class_list":["post-4166","page","type-page","status-publish","hentry","no-thumb"],"_links":{"self":[{"href":"https:\/\/bruchmann-gmbh.de\/en\/wp-json\/wp\/v2\/pages\/4166","targetHints":{"allow":["GET"]}}],"collection":[{"href":"https:\/\/bruchmann-gmbh.de\/en\/wp-json\/wp\/v2\/pages"}],"about":[{"href":"https:\/\/bruchmann-gmbh.de\/en\/wp-json\/wp\/v2\/types\/page"}],"author":[{"embeddable":true,"href":"https:\/\/bruchmann-gmbh.de\/en\/wp-json\/wp\/v2\/users\/1"}],"replies":[{"embeddable":true,"href":"https:\/\/bruchmann-gmbh.de\/en\/wp-json\/wp\/v2\/comments?post=4166"}],"version-history":[{"count":22,"href":"https:\/\/bruchmann-gmbh.de\/en\/wp-json\/wp\/v2\/pages\/4166\/revisions"}],"predecessor-version":[{"id":4208,"href":"https:\/\/bruchmann-gmbh.de\/en\/wp-json\/wp\/v2\/pages\/4166\/revisions\/4208"}],"wp:attachment":[{"href":"https:\/\/bruchmann-gmbh.de\/en\/wp-json\/wp\/v2\/media?parent=4166"}],"curies":[{"name":"wp","href":"https:\/\/api.w.org\/{rel}","templated":true}]}}